{"id":218,"date":"2025-07-31T08:08:42","date_gmt":"2025-07-31T06:08:42","guid":{"rendered":"https:\/\/greifbau.com\/?page_id=218"},"modified":"2025-11-11T10:38:26","modified_gmt":"2025-11-11T09:38:26","slug":"generalne-wykonawstwo","status":"publish","type":"page","link":"https:\/\/greifbau.com\/en\/generalne-wykonawstwo\/","title":{"rendered":"General Contracting"},"content":{"rendered":"","protected":false},"excerpt":{"rendered":"","protected":false},"author":1,"featured_media":0,"parent":0,"menu_order":0,"comment_status":"closed","ping_status":"closed","template":"page-oferta.php","meta":{"_acf_changed":false,"footnotes":""},"class_list":["post-218","page","type-page","status-publish","hentry"],"acf":[],"yoast_head":"<!-- This site is optimized with the Yoast SEO plugin v25.6 - https:\/\/yoast.com\/wordpress\/plugins\/seo\/ -->\n<title>Generalne Wykonawstwo Budowlane \u2013 Kompleksowe Realizacje Inwestycji Deweloperskie, Przemys\u0142owych, Us\u0142ugowych - Greifbau<\/title>\n<meta name=\"description\" content=\"Greifbau \u27a4 Generalne wykonawstwo inwestycji budowlanych \u2714\ufe0f Terminowa realizacja \u2714\ufe0f Z nami Tw\u00f3j projekt nabierze realnych kszta\u0142t\u00f3w! \u2714\ufe0f Sprawd\u017a!\" \/>\n<meta name=\"robots\" content=\"index, follow, max-snippet:-1, max-image-preview:large, max-video-preview:-1\" \/>\n<link rel=\"canonical\" href=\"https:\/\/greifbau.com\/en\/generalne-wykonawstwo\/\" \/>\n<meta property=\"og:locale\" content=\"en_GB\" \/>\n<meta property=\"og:type\" content=\"article\" \/>\n<meta property=\"og:title\" content=\"Generalne Wykonawstwo Budowlane \u2013 Kompleksowe Realizacje Inwestycji Deweloperskie, Przemys\u0142owych, Us\u0142ugowych - Greifbau\" \/>\n<meta property=\"og:description\" content=\"Greifbau \u27a4 Generalne wykonawstwo inwestycji budowlanych \u2714\ufe0f Terminowa realizacja \u2714\ufe0f Z nami Tw\u00f3j projekt nabierze realnych kszta\u0142t\u00f3w! \u2714\ufe0f Sprawd\u017a!\" \/>\n<meta property=\"og:url\" content=\"https:\/\/greifbau.com\/en\/generalne-wykonawstwo\/\" \/>\n<meta property=\"og:site_name\" content=\"Greifbau\" \/>\n<meta property=\"article:modified_time\" content=\"2025-11-11T09:38:26+00:00\" \/>\n<meta name=\"twitter:card\" content=\"summary_large_image\" \/>\n<script type=\"application\/ld+json\" class=\"yoast-schema-graph\">{\"@context\":\"https:\/\/schema.org\",\"@graph\":[{\"@type\":\"WebPage\",\"@id\":\"https:\/\/greifbau.com\/generalne-wykonawstwo\/\",\"url\":\"https:\/\/greifbau.com\/generalne-wykonawstwo\/\",\"name\":\"Generalne Wykonawstwo Budowlane \u2013 Kompleksowe Realizacje Inwestycji Deweloperskie, Przemys\u0142owych, Us\u0142ugowych - Greifbau\",\"isPartOf\":{\"@id\":\"https:\/\/greifbau.com\/#website\"},\"datePublished\":\"2025-07-31T06:08:42+00:00\",\"dateModified\":\"2025-11-11T09:38:26+00:00\",\"description\":\"Greifbau \u27a4 Generalne wykonawstwo inwestycji budowlanych \u2714\ufe0f Terminowa realizacja \u2714\ufe0f Z nami Tw\u00f3j projekt nabierze realnych kszta\u0142t\u00f3w! \u2714\ufe0f Sprawd\u017a!\",\"breadcrumb\":{\"@id\":\"https:\/\/greifbau.com\/generalne-wykonawstwo\/#breadcrumb\"},\"inLanguage\":\"en-GB\",\"potentialAction\":[{\"@type\":\"ReadAction\",\"target\":[\"https:\/\/greifbau.com\/generalne-wykonawstwo\/\"]}]},{\"@type\":\"BreadcrumbList\",\"@id\":\"https:\/\/greifbau.com\/generalne-wykonawstwo\/#breadcrumb\",\"itemListElement\":[{\"@type\":\"ListItem\",\"position\":1,\"name\":\"Greifbau\",\"item\":\"https:\/\/greifbau.com\/\"},{\"@type\":\"ListItem\",\"position\":2,\"name\":\"Generalne wykonawstwo\",\"item\":\"https:\/\/greifbau.com\/en\/wp-json\/wp\/v2\/pages\/218\"}]},{\"@type\":\"WebSite\",\"@id\":\"https:\/\/greifbau.com\/#website\",\"url\":\"https:\/\/greifbau.com\/\",\"name\":\"Greifbau\",\"description\":\"\",\"potentialAction\":[{\"@type\":\"SearchAction\",\"target\":{\"@type\":\"EntryPoint\",\"urlTemplate\":\"https:\/\/greifbau.com\/?s={search_term_string}\"},\"query-input\":{\"@type\":\"PropertyValueSpecification\",\"valueRequired\":true,\"valueName\":\"search_term_string\"}}],\"inLanguage\":\"en-GB\"}]}<\/script>\n<!-- \/ Yoast SEO plugin. -->","yoast_head_json":{"title":"Generalne Wykonawstwo Budowlane \u2013 Kompleksowe Realizacje Inwestycji Deweloperskie, Przemys\u0142owych, Us\u0142ugowych - Greifbau","description":"Greifbau \u27a4 Generalne wykonawstwo inwestycji budowlanych \u2714\ufe0f Terminowa realizacja \u2714\ufe0f Z nami Tw\u00f3j projekt nabierze realnych kszta\u0142t\u00f3w! \u2714\ufe0f Sprawd\u017a!","robots":{"index":"index","follow":"follow","max-snippet":"max-snippet:-1","max-image-preview":"max-image-preview:large","max-video-preview":"max-video-preview:-1"},"canonical":"https:\/\/greifbau.com\/en\/generalne-wykonawstwo\/","og_locale":"en_GB","og_type":"article","og_title":"Generalne Wykonawstwo Budowlane \u2013 Kompleksowe Realizacje Inwestycji Deweloperskie, Przemys\u0142owych, Us\u0142ugowych - Greifbau","og_description":"Greifbau \u27a4 Generalne wykonawstwo inwestycji budowlanych \u2714\ufe0f Terminowa realizacja \u2714\ufe0f Z nami Tw\u00f3j projekt nabierze realnych kszta\u0142t\u00f3w! \u2714\ufe0f Sprawd\u017a!","og_url":"https:\/\/greifbau.com\/en\/generalne-wykonawstwo\/","og_site_name":"Greifbau","article_modified_time":"2025-11-11T09:38:26+00:00","twitter_card":"summary_large_image","schema":{"@context":"https:\/\/schema.org","@graph":[{"@type":"WebPage","@id":"https:\/\/greifbau.com\/generalne-wykonawstwo\/","url":"https:\/\/greifbau.com\/generalne-wykonawstwo\/","name":"Generalne Wykonawstwo Budowlane \u2013 Kompleksowe Realizacje Inwestycji Deweloperskie, Przemys\u0142owych, Us\u0142ugowych - Greifbau","isPartOf":{"@id":"https:\/\/greifbau.com\/#website"},"datePublished":"2025-07-31T06:08:42+00:00","dateModified":"2025-11-11T09:38:26+00:00","description":"Greifbau \u27a4 Generalne wykonawstwo inwestycji budowlanych \u2714\ufe0f Terminowa realizacja \u2714\ufe0f Z nami Tw\u00f3j projekt nabierze realnych kszta\u0142t\u00f3w! \u2714\ufe0f Sprawd\u017a!","breadcrumb":{"@id":"https:\/\/greifbau.com\/generalne-wykonawstwo\/#breadcrumb"},"inLanguage":"en-GB","potentialAction":[{"@type":"ReadAction","target":["https:\/\/greifbau.com\/generalne-wykonawstwo\/"]}]},{"@type":"BreadcrumbList","@id":"https:\/\/greifbau.com\/generalne-wykonawstwo\/#breadcrumb","itemListElement":[{"@type":"ListItem","position":1,"name":"Greifbau","item":"https:\/\/greifbau.com\/"},{"@type":"ListItem","position":2,"name":"Generalne wykonawstwo","item":"https:\/\/greifbau.com\/en\/wp-json\/wp\/v2\/pages\/218"}]},{"@type":"WebSite","@id":"https:\/\/greifbau.com\/#website","url":"https:\/\/greifbau.com\/","name":"Greifbau","description":"","potentialAction":[{"@type":"SearchAction","target":{"@type":"EntryPoint","urlTemplate":"https:\/\/greifbau.com\/?s={search_term_string}"},"query-input":{"@type":"PropertyValueSpecification","valueRequired":true,"valueName":"search_term_string"}}],"inLanguage":"en-GB"}]}},"_links":{"self":[{"href":"https:\/\/greifbau.com\/en\/wp-json\/wp\/v2\/pages\/218","targetHints":{"allow":["GET"]}}],"collection":[{"href":"https:\/\/greifbau.com\/en\/wp-json\/wp\/v2\/pages"}],"about":[{"href":"https:\/\/greifbau.com\/en\/wp-json\/wp\/v2\/types\/page"}],"author":[{"embeddable":true,"href":"https:\/\/greifbau.com\/en\/wp-json\/wp\/v2\/users\/1"}],"replies":[{"embeddable":true,"href":"https:\/\/greifbau.com\/en\/wp-json\/wp\/v2\/comments?post=218"}],"version-history":[{"count":0,"href":"https:\/\/greifbau.com\/en\/wp-json\/wp\/v2\/pages\/218\/revisions"}],"wp:attachment":[{"href":"https:\/\/greifbau.com\/en\/wp-json\/wp\/v2\/media?parent=218"}],"curies":[{"name":"wp","href":"https:\/\/api.w.org\/{rel}","templated":true}]}}