{"id":3,"date":"2025-07-21T11:31:28","date_gmt":"2025-07-21T09:31:28","guid":{"rendered":"https:\/\/greifbau.com\/?page_id=3"},"modified":"2025-08-12T11:19:19","modified_gmt":"2025-08-12T09:19:19","slug":"polityka-prywatnosci","status":"publish","type":"page","link":"https:\/\/greifbau.com\/en\/polityka-prywatnosci\/","title":{"rendered":"Privacy Policy"},"content":{"rendered":"<p><strong>1. Definicje:<\/strong><\/p>\n\n\n\n<p><strong>1. Administrator<\/strong>&nbsp;\u2013 oznacza Greifbau Sp. z&nbsp;o. o. z&nbsp;siedzib\u0105 przy&nbsp;ul.&nbsp;Jerozolimskiej 2\/LU2 , 30-555 Krak\u00f3w, NIP: 677-236-72-58.<\/p>\n\n\n\n<p><strong>2. Cookies<\/strong>&nbsp;\u2013 oznacza dane informatyczne, w&nbsp;szczeg\u00f3lno\u015bci niewielkie pliki tekstowe, zapisywane i&nbsp;przechowywane na&nbsp;urz\u0105dzeniach, za&nbsp;po\u015brednictwem kt\u00f3rych&nbsp;U\u017cytkownik korzysta ze&nbsp;strony internetowej www.greifbau.com.<\/p>\n\n\n\n<p><strong>3. Cookies<\/strong>&nbsp;\u201e<strong>sesyjne<\/strong>\u201d s\u0105&nbsp;plikami tymczasowymi, kt\u00f3re przechowywane s\u0105&nbsp;w&nbsp;urz\u0105dzeniu ko\u0144cowym U\u017cytkownika do&nbsp;czasu wylogowania, opuszczenia strony internetowej lub wy\u0142\u0105czenia oprogramowania (przegl\u0105darki internetowej).<\/p>\n\n\n\n<p><strong>4. Cookies<\/strong>&nbsp;\u201e<strong>sta\u0142e<\/strong>\u201d to&nbsp;pliki przechowywane s\u0105&nbsp;w&nbsp;urz\u0105dzeniu ko\u0144cowym U\u017cytkownika przez&nbsp;czas okre\u015blony w&nbsp;parametrach plik\u00f3w cookies lub do&nbsp;czasu ich usuni\u0119cia przez&nbsp;U\u017cytkownika.<\/p>\n\n\n\n<p><strong>5. Polityka<\/strong>&nbsp;\u2013 niniejsza polityka prywatno\u015bci.<\/p>\n\n\n\n<p><strong>6. RODO<\/strong>&nbsp;\u2013 Rozporz\u0105dzenie Parlamentu Europejskiego i&nbsp;Rady (UE) 2016\/679 z&nbsp;dnia 27 kwietnia 2016&nbsp;r. w&nbsp;sprawie ochrony os\u00f3b fizycznych w&nbsp;zwi\u0105zku z&nbsp;przetwarzaniem danych osobowych i&nbsp;w&nbsp;sprawie swobodnego przep\u0142ywu takich danych oraz&nbsp;uchylenia dyrektywy 95\/46\/WE.<\/p>\n\n\n\n<p><strong>7. Reklama<\/strong>&nbsp;<strong>kontekstowa<\/strong>&nbsp;\u2013 kierowanie do&nbsp;U\u017cytkownik\u00f3w reklam, kt\u00f3re nawi\u0105zuj\u0105 do&nbsp;kontekstu przegl\u0105danych wcze\u015bniej stron \u2013 nie&nbsp;s\u0105&nbsp;spersonalizowane.<\/p>\n\n\n\n<p><strong>8. Reklama<\/strong>&nbsp;<strong>behawioralna<\/strong>&nbsp;\u2013 reklama, kt\u00f3ra&nbsp;na&nbsp;podstawie zebranych informacji, kt\u00f3re u\u017cytkownik pozostawi\u0142 na&nbsp;stronie www, jest wy\u015bwietlana i&nbsp;dopasowana do&nbsp;danego u\u017cytkownika.<\/p>\n\n\n\n<p><strong>9. Strona<\/strong>\u00a0<strong>www<\/strong>\u00a0\u2013 oznacza stron\u0119 internetow\u0105 lub aplikacj\u0119, pod\u00a0kt\u00f3r\u0105 Administrator prowadzi stron\u0119 internetow\u0105 www.greifbau.com.<\/p>\n\n\n\n<p><strong>10. Urz\u0105dzenie<\/strong>&nbsp;\u2013 oznacza elektroniczne urz\u0105dzenie za&nbsp;po\u015brednictwem, kt\u00f3rego&nbsp;U\u017cytkownik uzyskuje dost\u0119p do&nbsp;strony internetowej.<\/p>\n\n\n\n<p><strong>11. U\u017cytkownik<\/strong>&nbsp;\u2013 oznacza podmiot korzystaj\u0105cy ze&nbsp;strony www. greifbau. com, formularzy kontaktowych, odwiedza profile Administratora.<\/p>\n\n\n\n<p><strong>2. Przetwarzanie danych w&nbsp;zwi\u0105zku z&nbsp;korzystaniem ze&nbsp;strony www.greifbau.com<\/strong><\/p>\n\n\n\n<p><strong>2.1.<\/strong>&nbsp;W&nbsp;zwi\u0105zku z&nbsp;korzystaniem przez&nbsp;U\u017cytkownika ze&nbsp;strony www.greifbau.com Administrator zbiera dane w&nbsp;zakresie niezb\u0119dnym do&nbsp;\u015bwiadczenia poszczeg\u00f3lnych oferowanych us\u0142ug, a&nbsp;tak\u017ce informacje o&nbsp;aktywno\u015bci U\u017cytkownika na&nbsp;stronie www.greifbau.com. Poni\u017cej zosta\u0142y opisane szczeg\u00f3\u0142owe zasady oraz&nbsp;cele przetwarzania danych osobowych gromadzonych podczas korzystania ze&nbsp;strony www.greifbau.com przez&nbsp;U\u017cytkownika.<\/p>\n\n\n\n<p><strong>3. Cele oraz&nbsp;podstawy prawne przetwarzanie danych na&nbsp;stronie www.greifbau.com<\/strong><\/p>\n\n\n\n<p><strong>3.1.<\/strong>&nbsp;Dane osobowe U\u017cytkownik\u00f3w strony www. greifbau.com (adres IP\/identyfikatory\/informacje gromadzone za&nbsp;po\u015brednictwem plik\u00f3w cookies) s\u0105&nbsp;przez&nbsp;nas przetwarzane:<\/p>\n\n\n\n<p><strong>3.1.1.<\/strong> w\u00a0celu \u015bwiadczenia us\u0142ug drog\u0105 elektroniczn\u0105 w\u00a0zakresie udost\u0119pniania tre\u015bci U\u017cytkownikom strony www.greifbau.com, udost\u0119pniania formularzy kontaktowych \u2013 podstawa prawna to\u00a0niezb\u0119dno\u015b\u0107 przetwarzania do\u00a0wykonania umowy (art. 6 ust. 1 lit. b\u00a0RODO);<\/p>\n\n\n\n<p><strong>3.1.2.<\/strong> w\u00a0celach analitycznych i\u00a0statystycznych \u2013 w\u00f3wczas podstaw\u0105 prawn\u0105 jest nasz uzasadniony interes (art. 6 ust. 1 lit f\u00a0RODO) polegaj\u0105cy na\u00a0prowadzeniu analizy aktywno\u015bci u\u017cytkownika na\u00a0stronie www. greifbau.com;<\/p>\n\n\n\n<p><strong>3.1.3.<\/strong> w\u00a0celu ewentualnego ustalenia i\u00a0dochodzenia roszcze\u0144 lub obrony przed\u00a0nimi \u2013 podstaw\u0105 prawn\u0105 przetwarzania jest uzasadniony interes Administratora (art. 6 ust. 1 lit f\u00a0RODO) polegaj\u0105cy na\u00a0ochronie jego praw;<\/p>\n\n\n\n<p><strong>3.1.4.<\/strong> w\u00a0celach marketingowych prowadzonych przez\u00a0nas oraz\u00a0innych podmiot\u00f3w, w\u00a0szczeg\u00f3lno\u015bci zwi\u0105zanych z\u00a0prezentowaniem reklamy behawioralnej \u2013 zasady przetwarzania danych osobowych w\u00a0celach marketingowych zosta\u0142y opisane w\u00a0sekcji \u201eMarketing\u201d.<\/p>\n\n\n\n<p><strong>4. Formularze kontaktowe<\/strong><\/p>\n\n\n\n<p><strong>4.1.<\/strong>\u00a0Umo\u017cliwiamy U\u017cytkownikom strony www.greifbau.com kontaktowanie si\u0119 z\u00a0nim poprzez elektroniczne formularze kontaktowe. Jednak, przy wype\u0142nianiu ww. formularza niezb\u0119dne jest podanie niekt\u00f3rych danych osobowych, by\u00a0uzyska\u0107 odpowied\u017a na\u00a0zapytanie. U\u017cytkownik mo\u017ce poda\u0107 tak\u017ce inne dane w\u00a0celu u\u0142atwienia kontaktu lub obs\u0142ugi zapytania. Podanie przez\u00a0Pani\u0105\/Pana danych oznaczonych jako obowi\u0105zkowe jest wymagane do\u00a0rejestracji i\u00a0obs\u0142ugi danego zapytania. Niepodanie danych osobowych obowi\u0105zkowych, mo\u017ce skutkowa\u0107 brakiem obs\u0142ugi zapytania. Podanie pozosta\u0142ych danych jest dobrowolne.<\/p>\n\n\n\n<p><strong>4.2. Przetwarzanie danych osobowych<\/strong><\/p>\n\n\n\n<p><strong>4.2.1.<\/strong> w\u00a0celu identyfikacji nadawcy oraz\u00a0obs\u0142ugi jego zapytania przes\u0142anego przez\u00a0udost\u0119pniony formularz \u2013 podstaw\u0105 prawn\u0105 przetwarzania jest niezb\u0119dno\u015b\u0107 przetwarzania do\u00a0wykonania umowy o\u00a0\u015bwiadczenie us\u0142ugi (art. 6 ust. 1 lit. b\u00a0RODO);<\/p>\n\n\n\n<p><strong>4.2.2.<\/strong> w\u00a0celach analitycznych i\u00a0statystycznych \u2013 podstaw\u0105 prawn\u0105 przetwarzania jest uzasadniony interes Administratora (art. 6 ust. 1 lit. f\u00a0RODO) polegaj\u0105cy na\u00a0prowadzeniu statystyk zapyta\u0144 zg\u0142aszanych przez\u00a0U\u017cytkownik\u00f3w za\u00a0po\u015brednictwem Serwisu w\u00a0celu doskonalenia jego funkcjonalno\u015bci.<\/p>\n\n\n\n<p><strong>5. Marketing<\/strong><\/p>\n\n\n\n<p><strong>5.1.<\/strong>&nbsp;Przetwarzamy dane osobowe U\u017cytkownik\u00f3w, by&nbsp;m\u00f3c realizowa\u0107 dzia\u0142ania marketingowe:<\/p>\n\n\n\n<p><strong>5.1.1.<\/strong> Wy\u015bwietlanie reklamy kontekstowej \u2013 niedopasowanej do\u00a0preferencji u\u017cytkownika<\/p>\n\n\n\n<p><strong>5.1.2.<\/strong> Wy\u015bwietlanie reklamy behawioralnej \u2013 dopasowanej do\u00a0preferencji u\u017cytkownika<\/p>\n\n\n\n<p><strong>5.2.<\/strong>&nbsp;W&nbsp;celu realizowania dzia\u0142a\u0144 marketingowych Administrator w&nbsp;niekt\u00f3rych przypadkach wykorzystuje profilowanie. Oznacza to, \u017ce&nbsp;dzi\u0119ki automatycznemu przetwarzaniu danych Administrator dokonuje oceny wybranych czynnik\u00f3w dotycz\u0105cych os\u00f3b fizycznych w&nbsp;celu analizy ich zachowania lub stworzenia prognozy na&nbsp;przysz\u0142o\u015b\u0107. Przetwarzamy r\u00f3wnie\u017c dane os\u00f3b, kt\u00f3re wype\u0142niaj\u0105 formularze kontaktowa, poniewa\u017c jest to&nbsp;niezb\u0119dne dla cel\u00f3w rezerwacyjnych oraz&nbsp;przesy\u0142ania ofert \u2013 niekiedy przepisy prawa wymagaj\u0105 od&nbsp;nas przetwarzania pewnych danych osobowych dla cel\u00f3w podatkowych i&nbsp;rachunkowych.<\/p>\n\n\n\n<p><strong>6. Portale spo\u0142eczno\u015bciowe<\/strong><\/p>\n\n\n\n<p><strong>6.1.<\/strong>&nbsp;Administrator przetwarza dane osobowe U\u017cytkownik\u00f3w odwiedzaj\u0105cych profile Administratora prowadzone w&nbsp;mediach spo\u0142eczno\u015bciowych (Facebook, Google +). Dane te&nbsp;s\u0105&nbsp;przetwarzane wy\u0142\u0105cznie w&nbsp;zwi\u0105zku z&nbsp;prowadzeniem profilu, w&nbsp;tym w&nbsp;celu informowania U\u017cytkownik\u00f3w o&nbsp;aktywno\u015bci Administratora oraz&nbsp;promowaniu r\u00f3\u017cnego rodzaju wydarze\u0144, us\u0142ug oraz&nbsp;produkt\u00f3w, a&nbsp;tak\u017ce w&nbsp;celu komunikacji z&nbsp;U\u017cytkownikami za&nbsp;po\u015brednictwem funkcjonalno\u015bci dost\u0119pnych w&nbsp;mediach spo\u0142eczno\u015bciowych. Podstaw\u0105 prawn\u0105 przetwarzania danych osobowych przez&nbsp;Administratora w&nbsp;tym celu jest jego uzasadniony interes (art. 6 ust. 1 lit. f&nbsp;RODO) polegaj\u0105cy na&nbsp;promowaniu w\u0142asnej marki oraz&nbsp;budowaniu i&nbsp;utrzymaniu spo\u0142eczno\u015bci zwi\u0105zanej z&nbsp;mark\u0105.<\/p>\n\n\n\n<p><strong>7. Pliki cookies<\/strong><\/p>\n\n\n\n<p><strong>7.1.<\/strong>&nbsp;Pliki cookies (tzw. \u201eciasteczka\u201d) stanowi\u0105 zbi\u00f3r danych informatycznych, w&nbsp;szczeg\u00f3lno\u015bci pliki tekstowe, kt\u00f3re przechowywane s\u0105&nbsp;w&nbsp;urz\u0105dzeniu ko\u0144cowym U\u017cytkownika strony www. greifbau.com i&nbsp;przeznaczone s\u0105&nbsp;do&nbsp;korzystania ze&nbsp;stron internetowych www. greifbau.com. Cookies zazwyczaj zawieraj\u0105 nazw\u0119 strony internetowej, z&nbsp;kt\u00f3rej&nbsp;pochodz\u0105, czas przechowywania ich na&nbsp;urz\u0105dzeniu ko\u0144cowym oraz&nbsp;unikalny numer.<br>Podmiotem zamieszczaj\u0105cym na&nbsp;urz\u0105dzeniu ko\u0144cowym U\u017cytkownika strony www. greifbau.com pliki cookies oraz&nbsp;uzyskuj\u0105cym do&nbsp;nich dost\u0119p jest procesor strony www. greifbau.com.<\/p>\n\n\n\n<p>W\u015br\u00f3d plik\u00f3w cookies mo\u017cna wyr\u00f3\u017cni\u0107 te, kt\u00f3re s\u0105&nbsp;niezb\u0119dne do&nbsp;funkcjonowania strony www. greifbau.com:<\/p>\n\n\n\n<p>&#8211; utrzymanie sesji U\u017cytkownika;<br>&#8211; zapisanie stanu sesji U\u017cytkownika;<br>&#8211; monitoring dost\u0119pno\u015bci us\u0142ug.<\/p>\n\n\n\n<p>Kolejna kategoria plik\u00f3w cookies to&nbsp;pliki, kt\u00f3re wprawdzie nie&nbsp;s\u0105&nbsp;niezb\u0119dne do&nbsp;korzystania ze&nbsp;strony www.greifbau.com, ale&nbsp;u\u0142atwiaj\u0105 korzystanie z&nbsp;nich. Wykorzystuje si\u0119 je, aby umo\u017cliwi\u0107:<\/p>\n\n\n\n<p>&#8211; zapami\u0119tanie wyboru U\u017cytkownika w\u00a0kwestii zaprzestania wy\u015bwietlania wybranego komunikatu lub wy\u015bwietlenia go\u00a0okre\u015blon\u0105 liczb\u0119 razy,<br>&#8211; przywr\u00f3cenie sesji U\u017cytkownika,<br>&#8211; sprawdzenie, czy\u00a0zapis do\u00a0plik\u00f3w cookies funkcjonuje prawid\u0142owo,<\/p>\n\n\n\n<p>Korzystamy te\u017c z&nbsp;us\u0142ug podmiot\u00f3w trzecich, kt\u00f3rych&nbsp;lista stale zmienia si\u0119, a&nbsp;kt\u00f3re wykorzystuj\u0105 pliki cookies w&nbsp;nast\u0119puj\u0105cych celach:<\/p>\n\n\n\n<p>&#8211; monitorowanie ruchu na\u00a0naszych stronach WWW;<br>&#8211; zbieranie anonimowych, zbiorczych statystyk, kt\u00f3re pozwalaj\u0105 nam zrozumie\u0107, w\u00a0jaki spos\u00f3b u\u017cytkownicy korzystaj\u0105 z\u00a0serwis\u00f3w internetowych (oraz\u00a0jakich informacji o\u00a0naszych us\u0142ugach poszukuj\u0105), kt\u00f3re s\u0105\u00a0powi\u0105zane z\u00a0nasz\u0105 stron\u0105 www i\u00a0umo\u017cliwiaj\u0105 nam ci\u0105g\u0142e doskonalenie naszych produkt\u00f3w i\u00a0us\u0142ug.<\/p>\n\n\n\n<p>W\u015br\u00f3d tych podmiot\u00f3w w&nbsp;dniu sporz\u0105dzenia niniejszego dokumentu, zaliczamy Google Analytics.<\/p>\n\n\n\n<p><strong>8. Uprawnienia U\u017cytkownika<\/strong><\/p>\n\n\n\n<p><strong>8.1.\u00a0<\/strong>U\u017cytkownikom strony www.greifbau.com\u00a0\u00a0i\u00a0wszystkim, kt\u00f3rych\u00a0dane dotycz\u0105 przys\u0142uguj\u0105 nast\u0119puj\u0105ce prawa:<\/p>\n\n\n\n<p>8.1.1. Prawo do\u00a0informacji o\u00a0przetwarzaniu danych;<\/p>\n\n\n\n<p>8.1.2. Prawo uzyskania kopii danych;<\/p>\n\n\n\n<p>8.1.3. Prawo do\u00a0sprostowania;<\/p>\n\n\n\n<p>8.1.4. Prawo do\u00a0usuni\u0119cia danych;<\/p>\n\n\n\n<p>8.1.5. Prawo do\u00a0ograniczenia przetwarzania;<\/p>\n\n\n\n<p>8.1.6. Prawo do\u00a0przenoszenia danych;<\/p>\n\n\n\n<p>8.1.7. Prawo sprzeciwu wobec przetwarzania danych w\u00a0celach marketingowych;<\/p>\n\n\n\n<p>8.1.8. Prawo sprzeciwu wobec innych cel\u00f3w przetwarzania danych;<\/p>\n\n\n\n<p>8.1.9. Prawo wycofania zgody;<\/p>\n\n\n\n<p>8.1.10. Prawo do\u00a0skargi;<\/p>\n\n\n\n<p><strong>8.2.<\/strong>\u00a0Wniosek dotycz\u0105cy realizacji praw podmiot\u00f3w danych, mo\u017cna z\u0142o\u017cy\u0107:<\/p>\n\n\n\n<p>8.2.1. Drog\u0105 pisemn\u0105 na\u00a0adres: ul.\u00a0Jerozolimska 2\/LU1, 30-555 Krak\u00f3w<\/p>\n\n\n\n<p>8.3.\u00a0Drog\u0105 e-mailow\u0105 na\u00a0adres: biuro@greifbau.com.<\/p>\n\n\n\n<p><strong>8.4.<\/strong>\u00a0Wniosek powinien precyzyjnie wskazywa\u0107, czego dotyczy \u017c\u0105danie, a\u00a0w\u00a0szczeg\u00f3lno\u015bci:<\/p>\n\n\n\n<p>8.4.1. Z jakiego uprawnienia korzysta osoba, kt\u00f3ra\u00a0sk\u0142ada wniosek,<\/p>\n\n\n\n<p>8.4.2. Jakiego procesu przetwarzania dotyczy \u017c\u0105danie,<\/p>\n\n\n\n<p>8.4.3. Jakich cel\u00f3w przetwarzania \u017c\u0105danie dotyczy.<\/p>\n\n\n\n<p><strong>8.5.<\/strong>&nbsp;Je\u017celi nie&nbsp;b\u0119dziemy w&nbsp;stanie udzieli\u0107 tre\u015bci \u017c\u0105dania lub poprawnie nie&nbsp;b\u0119dziemy mogli zidentyfikowa\u0107 osoby sk\u0142adaj\u0105cej wniosek (w&nbsp;oparciu o&nbsp;dokonane zg\u0142oszenie), zwr\u00f3cimy si\u0119 do&nbsp;Wnioskodawcy o&nbsp;dodatkowe informacje.<\/p>\n\n\n\n<p><strong>8.6.<\/strong>&nbsp;Odpowied\u017a udzielana b\u0119dzie na&nbsp;adres, z&nbsp;kt\u00f3rego&nbsp;zosta\u0142 wys\u0142any wniosek (zar\u00f3wno je\u015bli chodzi o&nbsp;poczt\u0119 tradycyjn\u0105 i&nbsp;elektroniczn\u0105).<\/p>\n\n\n\n<p><strong>9. Odbiorcy danych&nbsp;<\/strong><\/p>\n\n\n\n<p><strong>9.1.<\/strong>&nbsp;Zbieramy informacje dotycz\u0105ce korzystania ze&nbsp;stron www przez&nbsp;U\u017cytkownik\u00f3w oraz&nbsp;ich adresy IP w&nbsp;oparciu o&nbsp;analiz\u0119 log\u00f3w dost\u0119powych. Takie informacje s\u0142u\u017c\u0105 na&nbsp;przyk\u0142ad do&nbsp;diagnozy problem\u00f3w z&nbsp;serwerem, czy&nbsp;analizy danych demograficznych.<\/p>\n\n\n\n<p><strong>9.2.<\/strong>&nbsp;W&nbsp;przypadku zgody Pani\/Pana podawane dane mog\u0105 zosta\u0107 udost\u0119pnione innym podmiotom.<\/p>\n\n\n\n<p><strong>9.3.<\/strong>&nbsp;Musimy poinformowa\u0107 jednocze\u015bnie Pani\u0105\/Pana o&nbsp;fakcie, i\u017c&nbsp;mo\u017cemy zosta\u0107 zobowi\u0105zani do&nbsp;ujawnienia informacji dotycz\u0105cych numeru IP danego U\u017cytkownika strony www.greifbau.com \u2013 oczywi\u015bcie zgodnie z&nbsp;istniej\u0105cymi przepisami prawnymi- na&nbsp;\u017c\u0105danie do&nbsp;tego uprawnionych organ\u00f3w pa\u0144stwa w&nbsp;zwi\u0105zku z&nbsp;prowadzonymi przez&nbsp;nie&nbsp;post\u0119powaniami.<\/p>\n\n\n\n<p><strong>10. Bezpiecze\u0144stwo danych osobowych<\/strong><\/p>\n\n\n\n<p><strong>10.1.<\/strong> Administrator na\u00a0bie\u017c\u0105co prowadzi analiz\u0119 ryzyka w\u00a0celu zapewnienia, \u017ce\u00a0dane osobowe przetwarzane s\u0105\u00a0przez\u00a0niego w\u00a0spos\u00f3b bezpieczny \u2013 zapewniaj\u0105cy przede wszystkim, \u017ce\u00a0dost\u0119p do\u00a0danych maj\u0105 jedynie osoby upowa\u017cnione i\u00a0jedynie w\u00a0zakresie, w\u00a0jakim jest to\u00a0niezb\u0119dne ze\u00a0wzgl\u0119du na\u00a0wykonywane przez\u00a0nie\u00a0zadania. Administrator dba o\u00a0to, by\u00a0wszystkie operacje na\u00a0danych osobowych by\u0142y rejestrowane i\u00a0dokonywane jedynie przez\u00a0uprawnionych pracownik\u00f3w i\u00a0wsp\u00f3\u0142pracownik\u00f3w.<\/p>\n\n\n\n<p><strong>10.2.<\/strong> Administrator podejmuje wszelkie niezb\u0119dne dzia\u0142ania, by\u00a0tak\u017ce jego podwykonawcy i\u00a0inne podmioty wsp\u00f3\u0142pracuj\u0105ce dawa\u0142y gwarancj\u0119 stosowania odpowiednich \u015brodk\u00f3w bezpiecze\u0144stwa w\u00a0ka\u017cdym przypadku, gdy\u00a0przetwarzaj\u0105 dane osobowe na\u00a0zlecenie Administratora.<\/p>\n\n\n\n<p><strong>11. Dane kontaktowe<\/strong><\/p>\n\n\n\n<p><strong>11.1.<\/strong> Kontakt z\u00a0Administratorem jest mo\u017cliwy poprzez adres e-mail:\u00a0<a href=\"mailto:biuro@greifbau.com\">biuro@greifbau.com<\/a> oraz\u00a0pod\u00a0adresem: ul.\u00a0Jerozolimska 2\/LU1, 30-555 Krak\u00f3w.<\/p>\n\n\n\n<p><\/p>","protected":false},"excerpt":{"rendered":"<p>1. Definicje: 1. Administrator&nbsp;\u2013 oznacza Greifbau Sp. z&nbsp;o. o. z&nbsp;siedzib\u0105 przy&nbsp;ul.&nbsp;Jerozolimskiej 2\/LU2 , 30-555 Krak\u00f3w, NIP: 677-236-72-58. 2. Cookies&nbsp;\u2013 oznacza dane informatyczne, w&nbsp;szczeg\u00f3lno\u015bci niewielkie pliki tekstowe, zapisywane i&nbsp;przechowywane na&nbsp;urz\u0105dzeniach, za&nbsp;po\u015brednictwem kt\u00f3rych&nbsp;U\u017cytkownik korzysta ze&nbsp;strony internetowej www.greifbau.com. 3. Cookies&nbsp;\u201esesyjne\u201d s\u0105&nbsp;plikami tymczasowymi, kt\u00f3re przechowywane s\u0105&nbsp;w&nbsp;urz\u0105dzeniu ko\u0144cowym U\u017cytkownika do&nbsp;czasu wylogowania, opuszczenia strony internetowej lub wy\u0142\u0105czenia oprogramowania (przegl\u0105darki internetowej). 4. [&hellip;]<\/p>","protected":false},"author":1,"featured_media":0,"parent":0,"menu_order":0,"comment_status":"closed","ping_status":"open","template":"","meta":{"_acf_changed":false,"footnotes":""},"class_list":["post-3","page","type-page","status-publish","hentry"],"acf":[],"yoast_head":"<!-- This site is optimized with the Yoast SEO plugin v25.6 - https:\/\/yoast.com\/wordpress\/plugins\/seo\/ -->\n<title>Polityka prywatno\u015bci | Krak\u00f3w - Greifbau<\/title>\n<meta name=\"description\" content=\"Greifbau \u27a4 Polityka prywatno\u015bci\" \/>\n<meta name=\"robots\" content=\"index, follow, max-snippet:-1, max-image-preview:large, max-video-preview:-1\" \/>\n<link rel=\"canonical\" href=\"https:\/\/greifbau.com\/en\/polityka-prywatnosci\/\" \/>\n<meta property=\"og:locale\" content=\"en_GB\" \/>\n<meta property=\"og:type\" content=\"article\" \/>\n<meta property=\"og:title\" content=\"Polityka prywatno\u015bci | Krak\u00f3w - Greifbau\" \/>\n<meta property=\"og:description\" content=\"Greifbau \u27a4 Polityka prywatno\u015bci\" \/>\n<meta property=\"og:url\" content=\"https:\/\/greifbau.com\/en\/polityka-prywatnosci\/\" \/>\n<meta property=\"og:site_name\" content=\"Greifbau\" \/>\n<meta property=\"article:modified_time\" content=\"2025-08-12T09:19:19+00:00\" \/>\n<meta name=\"twitter:card\" content=\"summary_large_image\" \/>\n<meta name=\"twitter:label1\" content=\"Estimated reading time\" \/>\n\t<meta name=\"twitter:data1\" content=\"9 minutes\" \/>\n<script type=\"application\/ld+json\" class=\"yoast-schema-graph\">{\"@context\":\"https:\/\/schema.org\",\"@graph\":[{\"@type\":\"WebPage\",\"@id\":\"https:\/\/greifbau.com\/polityka-prywatnosci\/\",\"url\":\"https:\/\/greifbau.com\/polityka-prywatnosci\/\",\"name\":\"Polityka prywatno\u015bci | Krak\u00f3w - Greifbau\",\"isPartOf\":{\"@id\":\"https:\/\/greifbau.com\/#website\"},\"datePublished\":\"2025-07-21T09:31:28+00:00\",\"dateModified\":\"2025-08-12T09:19:19+00:00\",\"description\":\"Greifbau \u27a4 Polityka prywatno\u015bci\",\"breadcrumb\":{\"@id\":\"https:\/\/greifbau.com\/polityka-prywatnosci\/#breadcrumb\"},\"inLanguage\":\"en-GB\",\"potentialAction\":[{\"@type\":\"ReadAction\",\"target\":[\"https:\/\/greifbau.com\/polityka-prywatnosci\/\"]}]},{\"@type\":\"BreadcrumbList\",\"@id\":\"https:\/\/greifbau.com\/polityka-prywatnosci\/#breadcrumb\",\"itemListElement\":[{\"@type\":\"ListItem\",\"position\":1,\"name\":\"Greifbau\",\"item\":\"https:\/\/greifbau.com\/\"},{\"@type\":\"ListItem\",\"position\":2,\"name\":\"Polityka prywatno\u015bci\",\"item\":\"https:\/\/greifbau.com\/en\/wp-json\/wp\/v2\/pages\/3\"}]},{\"@type\":\"WebSite\",\"@id\":\"https:\/\/greifbau.com\/#website\",\"url\":\"https:\/\/greifbau.com\/\",\"name\":\"Greifbau\",\"description\":\"\",\"potentialAction\":[{\"@type\":\"SearchAction\",\"target\":{\"@type\":\"EntryPoint\",\"urlTemplate\":\"https:\/\/greifbau.com\/?s={search_term_string}\"},\"query-input\":{\"@type\":\"PropertyValueSpecification\",\"valueRequired\":true,\"valueName\":\"search_term_string\"}}],\"inLanguage\":\"en-GB\"}]}<\/script>\n<!-- \/ Yoast SEO plugin. -->","yoast_head_json":{"title":"Polityka prywatno\u015bci | Krak\u00f3w - Greifbau","description":"Greifbau \u27a4 Polityka prywatno\u015bci","robots":{"index":"index","follow":"follow","max-snippet":"max-snippet:-1","max-image-preview":"max-image-preview:large","max-video-preview":"max-video-preview:-1"},"canonical":"https:\/\/greifbau.com\/en\/polityka-prywatnosci\/","og_locale":"en_GB","og_type":"article","og_title":"Polityka prywatno\u015bci | Krak\u00f3w - Greifbau","og_description":"Greifbau \u27a4 Polityka prywatno\u015bci","og_url":"https:\/\/greifbau.com\/en\/polityka-prywatnosci\/","og_site_name":"Greifbau","article_modified_time":"2025-08-12T09:19:19+00:00","twitter_card":"summary_large_image","twitter_misc":{"Estimated reading time":"9 minutes"},"schema":{"@context":"https:\/\/schema.org","@graph":[{"@type":"WebPage","@id":"https:\/\/greifbau.com\/polityka-prywatnosci\/","url":"https:\/\/greifbau.com\/polityka-prywatnosci\/","name":"Polityka prywatno\u015bci | Krak\u00f3w - Greifbau","isPartOf":{"@id":"https:\/\/greifbau.com\/#website"},"datePublished":"2025-07-21T09:31:28+00:00","dateModified":"2025-08-12T09:19:19+00:00","description":"Greifbau \u27a4 Polityka prywatno\u015bci","breadcrumb":{"@id":"https:\/\/greifbau.com\/polityka-prywatnosci\/#breadcrumb"},"inLanguage":"en-GB","potentialAction":[{"@type":"ReadAction","target":["https:\/\/greifbau.com\/polityka-prywatnosci\/"]}]},{"@type":"BreadcrumbList","@id":"https:\/\/greifbau.com\/polityka-prywatnosci\/#breadcrumb","itemListElement":[{"@type":"ListItem","position":1,"name":"Greifbau","item":"https:\/\/greifbau.com\/"},{"@type":"ListItem","position":2,"name":"Polityka prywatno\u015bci","item":"https:\/\/greifbau.com\/en\/wp-json\/wp\/v2\/pages\/3"}]},{"@type":"WebSite","@id":"https:\/\/greifbau.com\/#website","url":"https:\/\/greifbau.com\/","name":"Greifbau","description":"","potentialAction":[{"@type":"SearchAction","target":{"@type":"EntryPoint","urlTemplate":"https:\/\/greifbau.com\/?s={search_term_string}"},"query-input":{"@type":"PropertyValueSpecification","valueRequired":true,"valueName":"search_term_string"}}],"inLanguage":"en-GB"}]}},"_links":{"self":[{"href":"https:\/\/greifbau.com\/en\/wp-json\/wp\/v2\/pages\/3","targetHints":{"allow":["GET"]}}],"collection":[{"href":"https:\/\/greifbau.com\/en\/wp-json\/wp\/v2\/pages"}],"about":[{"href":"https:\/\/greifbau.com\/en\/wp-json\/wp\/v2\/types\/page"}],"author":[{"embeddable":true,"href":"https:\/\/greifbau.com\/en\/wp-json\/wp\/v2\/users\/1"}],"replies":[{"embeddable":true,"href":"https:\/\/greifbau.com\/en\/wp-json\/wp\/v2\/comments?post=3"}],"version-history":[{"count":0,"href":"https:\/\/greifbau.com\/en\/wp-json\/wp\/v2\/pages\/3\/revisions"}],"wp:attachment":[{"href":"https:\/\/greifbau.com\/en\/wp-json\/wp\/v2\/media?parent=3"}],"curies":[{"name":"wp","href":"https:\/\/api.w.org\/{rel}","templated":true}]}}