{"id":677,"date":"2025-09-04T12:23:05","date_gmt":"2025-09-04T10:23:05","guid":{"rendered":"https:\/\/greifbau.com\/?page_id=677"},"modified":"2026-03-02T13:18:50","modified_gmt":"2026-03-02T12:18:50","slug":"generalny-wykonawca-budownictwo-mieszkaniowe-czestochowa","status":"publish","type":"page","link":"https:\/\/greifbau.com\/en\/generalny-wykonawca-budownictwo-mieszkaniowe-czestochowa\/","title":{"rendered":"Generalny wykonawca budownictwo mieszkaniowe Cz\u0119stochowa"},"content":{"rendered":"","protected":false},"excerpt":{"rendered":"","protected":false},"author":3,"featured_media":0,"parent":0,"menu_order":0,"comment_status":"closed","ping_status":"closed","template":"page-oferta.php","meta":{"_acf_changed":false,"footnotes":""},"class_list":["post-677","page","type-page","status-publish","hentry"],"acf":[],"yoast_head":"<!-- This site is optimized with the Yoast SEO plugin v25.6 - https:\/\/yoast.com\/wordpress\/plugins\/seo\/ -->\n<title>Budownictwo Mieszkaniowe Cz\u0119stochowa | Generalny Wykonawca Dom\u00f3w, Blok\u00f3w, Osiedli, Mieszka\u0144, Budynk\u00f3w - Greifbau<\/title>\n<meta name=\"description\" content=\"Greifbau \u27a4 Budownictwo mieszkaniowe Cz\u0119stochowa \u2714\ufe0f Kompleksowa realizacja z dba\u0142o\u015bci\u0105 o detale \u2714\ufe0f Generalny wykonawca - 20 lat do\u015bwiadczenia \u2714\ufe0f Sprawd\u017a!\" \/>\n<meta name=\"robots\" content=\"index, follow, max-snippet:-1, max-image-preview:large, max-video-preview:-1\" \/>\n<link rel=\"canonical\" href=\"https:\/\/greifbau.com\/en\/generalny-wykonawca-budownictwo-mieszkaniowe-czestochowa\/\" \/>\n<meta property=\"og:locale\" content=\"en_GB\" \/>\n<meta property=\"og:type\" content=\"article\" \/>\n<meta property=\"og:title\" content=\"Budownictwo Mieszkaniowe Cz\u0119stochowa | Generalny Wykonawca Dom\u00f3w, Blok\u00f3w, Osiedli, Mieszka\u0144, Budynk\u00f3w - Greifbau\" \/>\n<meta property=\"og:description\" content=\"Greifbau \u27a4 Budownictwo mieszkaniowe Cz\u0119stochowa \u2714\ufe0f Kompleksowa realizacja z dba\u0142o\u015bci\u0105 o detale \u2714\ufe0f Generalny wykonawca - 20 lat do\u015bwiadczenia \u2714\ufe0f Sprawd\u017a!\" \/>\n<meta property=\"og:url\" content=\"https:\/\/greifbau.com\/en\/generalny-wykonawca-budownictwo-mieszkaniowe-czestochowa\/\" \/>\n<meta property=\"og:site_name\" content=\"Greifbau\" \/>\n<meta property=\"article:modified_time\" content=\"2026-03-02T12:18:50+00:00\" \/>\n<meta name=\"twitter:card\" content=\"summary_large_image\" \/>\n<script type=\"application\/ld+json\" class=\"yoast-schema-graph\">{\"@context\":\"https:\/\/schema.org\",\"@graph\":[{\"@type\":\"WebPage\",\"@id\":\"https:\/\/greifbau.com\/generalny-wykonawca-budownictwo-mieszkaniowe-czestochowa\/\",\"url\":\"https:\/\/greifbau.com\/generalny-wykonawca-budownictwo-mieszkaniowe-czestochowa\/\",\"name\":\"Budownictwo Mieszkaniowe Cz\u0119stochowa | Generalny Wykonawca Dom\u00f3w, Blok\u00f3w, Osiedli, Mieszka\u0144, Budynk\u00f3w - Greifbau\",\"isPartOf\":{\"@id\":\"https:\/\/greifbau.com\/#website\"},\"datePublished\":\"2025-09-04T10:23:05+00:00\",\"dateModified\":\"2026-03-02T12:18:50+00:00\",\"description\":\"Greifbau \u27a4 Budownictwo mieszkaniowe Cz\u0119stochowa \u2714\ufe0f Kompleksowa realizacja z dba\u0142o\u015bci\u0105 o detale \u2714\ufe0f Generalny wykonawca - 20 lat do\u015bwiadczenia \u2714\ufe0f Sprawd\u017a!\",\"breadcrumb\":{\"@id\":\"https:\/\/greifbau.com\/generalny-wykonawca-budownictwo-mieszkaniowe-czestochowa\/#breadcrumb\"},\"inLanguage\":\"en-GB\",\"potentialAction\":[{\"@type\":\"ReadAction\",\"target\":[\"https:\/\/greifbau.com\/generalny-wykonawca-budownictwo-mieszkaniowe-czestochowa\/\"]}]},{\"@type\":\"BreadcrumbList\",\"@id\":\"https:\/\/greifbau.com\/generalny-wykonawca-budownictwo-mieszkaniowe-czestochowa\/#breadcrumb\",\"itemListElement\":[{\"@type\":\"ListItem\",\"position\":1,\"name\":\"Greifbau\",\"item\":\"https:\/\/greifbau.com\/\"},{\"@type\":\"ListItem\",\"position\":2,\"name\":\"Generalny wykonawca budownictwo mieszkaniowe Cz\u0119stochowa\",\"item\":\"https:\/\/greifbau.com\/en\/wp-json\/wp\/v2\/pages\/677\"}]},{\"@type\":\"WebSite\",\"@id\":\"https:\/\/greifbau.com\/#website\",\"url\":\"https:\/\/greifbau.com\/\",\"name\":\"Greifbau\",\"description\":\"\",\"potentialAction\":[{\"@type\":\"SearchAction\",\"target\":{\"@type\":\"EntryPoint\",\"urlTemplate\":\"https:\/\/greifbau.com\/?s={search_term_string}\"},\"query-input\":{\"@type\":\"PropertyValueSpecification\",\"valueRequired\":true,\"valueName\":\"search_term_string\"}}],\"inLanguage\":\"en-GB\"}]}<\/script>\n<!-- \/ Yoast SEO plugin. -->","yoast_head_json":{"title":"Budownictwo Mieszkaniowe Cz\u0119stochowa | Generalny Wykonawca Dom\u00f3w, Blok\u00f3w, Osiedli, Mieszka\u0144, Budynk\u00f3w - Greifbau","description":"Greifbau \u27a4 Budownictwo mieszkaniowe Cz\u0119stochowa \u2714\ufe0f Kompleksowa realizacja z dba\u0142o\u015bci\u0105 o detale \u2714\ufe0f Generalny wykonawca - 20 lat do\u015bwiadczenia \u2714\ufe0f Sprawd\u017a!","robots":{"index":"index","follow":"follow","max-snippet":"max-snippet:-1","max-image-preview":"max-image-preview:large","max-video-preview":"max-video-preview:-1"},"canonical":"https:\/\/greifbau.com\/en\/generalny-wykonawca-budownictwo-mieszkaniowe-czestochowa\/","og_locale":"en_GB","og_type":"article","og_title":"Budownictwo Mieszkaniowe Cz\u0119stochowa | Generalny Wykonawca Dom\u00f3w, Blok\u00f3w, Osiedli, Mieszka\u0144, Budynk\u00f3w - Greifbau","og_description":"Greifbau \u27a4 Budownictwo mieszkaniowe Cz\u0119stochowa \u2714\ufe0f Kompleksowa realizacja z dba\u0142o\u015bci\u0105 o detale \u2714\ufe0f Generalny wykonawca - 20 lat do\u015bwiadczenia \u2714\ufe0f Sprawd\u017a!","og_url":"https:\/\/greifbau.com\/en\/generalny-wykonawca-budownictwo-mieszkaniowe-czestochowa\/","og_site_name":"Greifbau","article_modified_time":"2026-03-02T12:18:50+00:00","twitter_card":"summary_large_image","schema":{"@context":"https:\/\/schema.org","@graph":[{"@type":"WebPage","@id":"https:\/\/greifbau.com\/generalny-wykonawca-budownictwo-mieszkaniowe-czestochowa\/","url":"https:\/\/greifbau.com\/generalny-wykonawca-budownictwo-mieszkaniowe-czestochowa\/","name":"Budownictwo Mieszkaniowe Cz\u0119stochowa | Generalny Wykonawca Dom\u00f3w, Blok\u00f3w, Osiedli, Mieszka\u0144, Budynk\u00f3w - Greifbau","isPartOf":{"@id":"https:\/\/greifbau.com\/#website"},"datePublished":"2025-09-04T10:23:05+00:00","dateModified":"2026-03-02T12:18:50+00:00","description":"Greifbau \u27a4 Budownictwo mieszkaniowe Cz\u0119stochowa \u2714\ufe0f Kompleksowa realizacja z dba\u0142o\u015bci\u0105 o detale \u2714\ufe0f Generalny wykonawca - 20 lat do\u015bwiadczenia \u2714\ufe0f Sprawd\u017a!","breadcrumb":{"@id":"https:\/\/greifbau.com\/generalny-wykonawca-budownictwo-mieszkaniowe-czestochowa\/#breadcrumb"},"inLanguage":"en-GB","potentialAction":[{"@type":"ReadAction","target":["https:\/\/greifbau.com\/generalny-wykonawca-budownictwo-mieszkaniowe-czestochowa\/"]}]},{"@type":"BreadcrumbList","@id":"https:\/\/greifbau.com\/generalny-wykonawca-budownictwo-mieszkaniowe-czestochowa\/#breadcrumb","itemListElement":[{"@type":"ListItem","position":1,"name":"Greifbau","item":"https:\/\/greifbau.com\/"},{"@type":"ListItem","position":2,"name":"Generalny wykonawca budownictwo mieszkaniowe Cz\u0119stochowa","item":"https:\/\/greifbau.com\/en\/wp-json\/wp\/v2\/pages\/677"}]},{"@type":"WebSite","@id":"https:\/\/greifbau.com\/#website","url":"https:\/\/greifbau.com\/","name":"Greifbau","description":"","potentialAction":[{"@type":"SearchAction","target":{"@type":"EntryPoint","urlTemplate":"https:\/\/greifbau.com\/?s={search_term_string}"},"query-input":{"@type":"PropertyValueSpecification","valueRequired":true,"valueName":"search_term_string"}}],"inLanguage":"en-GB"}]}},"_links":{"self":[{"href":"https:\/\/greifbau.com\/en\/wp-json\/wp\/v2\/pages\/677","targetHints":{"allow":["GET"]}}],"collection":[{"href":"https:\/\/greifbau.com\/en\/wp-json\/wp\/v2\/pages"}],"about":[{"href":"https:\/\/greifbau.com\/en\/wp-json\/wp\/v2\/types\/page"}],"author":[{"embeddable":true,"href":"https:\/\/greifbau.com\/en\/wp-json\/wp\/v2\/users\/3"}],"replies":[{"embeddable":true,"href":"https:\/\/greifbau.com\/en\/wp-json\/wp\/v2\/comments?post=677"}],"version-history":[{"count":0,"href":"https:\/\/greifbau.com\/en\/wp-json\/wp\/v2\/pages\/677\/revisions"}],"wp:attachment":[{"href":"https:\/\/greifbau.com\/en\/wp-json\/wp\/v2\/media?parent=677"}],"curies":[{"name":"wp","href":"https:\/\/api.w.org\/{rel}","templated":true}]}}